{"id":117339,"date":"2021-03-27T13:37:26","date_gmt":"2021-03-27T16:37:26","guid":{"rendered":"https:\/\/www.missoeshumanitarias.org\/?page_id=117339"},"modified":"2021-03-31T07:37:06","modified_gmt":"2021-03-31T10:37:06","slug":"mision-colombia-regimen-tributario","status":"publish","type":"page","link":"https:\/\/www.missoeshumanitarias.org\/es\/mision-colombia-regimen-tributario\/","title":{"rendered":"Misi\u00f3n Colombia &#8211; R\u00e9gimen Tributario"},"content":{"rendered":"\t\t<div data-elementor-type=\"wp-page\" data-elementor-id=\"117339\" class=\"elementor elementor-117339\" data-elementor-settings=\"{&quot;element_pack_global_tooltip_width&quot;:{&quot;unit&quot;:&quot;px&quot;,&quot;size&quot;:&quot;&quot;,&quot;sizes&quot;:[]},&quot;element_pack_global_tooltip_width_tablet&quot;:{&quot;unit&quot;:&quot;px&quot;,&quot;size&quot;:&quot;&quot;,&quot;sizes&quot;:[]},&quot;element_pack_global_tooltip_width_mobile&quot;:{&quot;unit&quot;:&quot;px&quot;,&quot;size&quot;:&quot;&quot;,&quot;sizes&quot;:[]},&quot;element_pack_global_tooltip_padding&quot;:{&quot;unit&quot;:&quot;px&quot;,&quot;top&quot;:&quot;&quot;,&quot;right&quot;:&quot;&quot;,&quot;bottom&quot;:&quot;&quot;,&quot;left&quot;:&quot;&quot;,&quot;isLinked&quot;:true},&quot;element_pack_global_tooltip_padding_tablet&quot;:{&quot;unit&quot;:&quot;px&quot;,&quot;top&quot;:&quot;&quot;,&quot;right&quot;:&quot;&quot;,&quot;bottom&quot;:&quot;&quot;,&quot;left&quot;:&quot;&quot;,&quot;isLinked&quot;:true},&quot;element_pack_global_tooltip_padding_mobile&quot;:{&quot;unit&quot;:&quot;px&quot;,&quot;top&quot;:&quot;&quot;,&quot;right&quot;:&quot;&quot;,&quot;bottom&quot;:&quot;&quot;,&quot;left&quot;:&quot;&quot;,&quot;isLinked&quot;:true},&quot;element_pack_global_tooltip_border_radius&quot;:{&quot;unit&quot;:&quot;px&quot;,&quot;top&quot;:&quot;&quot;,&quot;right&quot;:&quot;&quot;,&quot;bottom&quot;:&quot;&quot;,&quot;left&quot;:&quot;&quot;,&quot;isLinked&quot;:true},&quot;element_pack_global_tooltip_border_radius_tablet&quot;:{&quot;unit&quot;:&quot;px&quot;,&quot;top&quot;:&quot;&quot;,&quot;right&quot;:&quot;&quot;,&quot;bottom&quot;:&quot;&quot;,&quot;left&quot;:&quot;&quot;,&quot;isLinked&quot;:true},&quot;element_pack_global_tooltip_border_radius_mobile&quot;:{&quot;unit&quot;:&quot;px&quot;,&quot;top&quot;:&quot;&quot;,&quot;right&quot;:&quot;&quot;,&quot;bottom&quot;:&quot;&quot;,&quot;left&quot;:&quot;&quot;,&quot;isLinked&quot;:true}}\" data-elementor-post-type=\"page\">\n\t\t\t\t\t\t<section class=\"elementor-section elementor-top-section elementor-element elementor-element-5bcf745 elementor-reverse-tablet elementor-reverse-mobile elementor-section-boxed elementor-section-height-default elementor-section-height-default\" data-id=\"5bcf745\" data-element_type=\"section\">\n\t\t\t\t\t\t<div class=\"elementor-container elementor-column-gap-default\">\n\t\t\t\t\t<div class=\"elementor-column elementor-col-100 elementor-top-column elementor-element elementor-element-6e4d824\" data-id=\"6e4d824\" data-element_type=\"column\">\n\t\t\t<div class=\"elementor-widget-wrap elementor-element-populated\">\n\t\t\t\t\t\t<div class=\"elementor-element elementor-element-23b3e02 elementor-widget elementor-widget-heading\" data-id=\"23b3e02\" data-element_type=\"widget\" data-widget_type=\"heading.default\">\n\t\t\t\t<div class=\"elementor-widget-container\">\n\t\t\t<h2 class=\"elementor-heading-title elementor-size-default\">R\u00e9gimen Tributario\nA\u00f1o 2020<\/h2>\t\t<\/div>\n\t\t\t\t<\/div>\n\t\t\t\t<div class=\"elementor-element elementor-element-fab6ed6 elementor-widget-divider--view-line elementor-widget elementor-widget-divider\" data-id=\"fab6ed6\" data-element_type=\"widget\" data-widget_type=\"divider.default\">\n\t\t\t\t<div class=\"elementor-widget-container\">\n\t\t\t\t\t<div class=\"elementor-divider\">\n\t\t\t<span class=\"elementor-divider-separator\">\n\t\t\t\t\t\t<\/span>\n\t\t<\/div>\n\t\t\t\t<\/div>\n\t\t\t\t<\/div>\n\t\t\t\t<div class=\"elementor-element elementor-element-b047405 elementor-widget elementor-widget-text-editor\" data-id=\"b047405\" data-element_type=\"widget\" data-widget_type=\"text-editor.default\">\n\t\t\t\t<div class=\"elementor-widget-container\">\n\t\t\t\t\t\t\t<p>Cumplimientos anexos que trata el Art\u00edculo 1.2.1.5.1.8. Anexos de la solicitud de calificaci\u00f3n o permanencia como entidad perteneciente al R\u00e9gimen Tributario Especial.<\/p><ul><li><a href=\"https:\/\/www.missoeshumanitarias.org\/wp-content\/uploads\/2021\/03\/CERTIFICADO_CUMPLIMIENTO_NUMERAL_13_ART_364-5_ET.pdf\" target=\"_blank\" rel=\"noopener\">Certificado de cumplimiento de requisitos numeral 13 Art 364-5 E.T.<\/a><\/li><li><a href=\"https:\/\/www.missoeshumanitarias.org\/wp-content\/uploads\/2021\/03\/CERTIFICADO_DE_EXISTENCIA_Y_REPRESENTACION_LEGAL-1.pdf\" target=\"_blank\" rel=\"noopener\">Certificado de existencia y representaci\u00f3n legal<\/a><\/li><li><a href=\"https:\/\/www.missoeshumanitarias.org\/wp-content\/uploads\/2021\/03\/CERTIFICADO_DE_NO_PAGO_DIRECTIVOS-1.pdf\" target=\"_blank\" rel=\"noopener\">Certificado de no pago directivos<\/a><\/li><li><a href=\"https:\/\/www.missoeshumanitarias.org\/wp-content\/uploads\/2021\/03\/DECLARACION_RENTA_2019-1.pdf\" target=\"_blank\" rel=\"noopener\">Declaraci\u00f3n renta<\/a><\/li><li><a href=\"https:\/\/www.missoeshumanitarias.org\/wp-content\/uploads\/2021\/03\/ESTADOS_FINANCIEROS_ANO_2020-2.pdf\" target=\"_blank\" rel=\"noopener\">Estados Financieros<\/a><\/li><li><a href=\"https:\/\/www.missoeshumanitarias.org\/wp-content\/uploads\/2021\/03\/ESTATUTOS_DE_LA_ENTIDAD-1.pdf\" target=\"_blank\" rel=\"noopener\">Estatutos de la Entidad<\/a><\/li><li><a href=\"https:\/\/www.missoeshumanitarias.org\/wp-content\/uploads\/2021\/03\/INFORMACION_FUNDADORES.pdf\" target=\"_blank\" rel=\"noopener\">Informaci\u00f3n fundadores<\/a><\/li><li><a href=\"https:\/\/www.missoeshumanitarias.org\/wp-content\/uploads\/2021\/03\/INFORMACION_DE_PERSONAS_QUE_EJERCEN_CARGOS_GERENCIALES_DIRECTIVOS_CONTROL.pdf\" target=\"_blank\" rel=\"noopener\">Informaci\u00f3n de personas que ejercen cargos gerenciales, directivos o de control<\/a><\/li><li><a href=\"https:\/\/www.missoeshumanitarias.org\/wp-content\/uploads\/2021\/03\/INFORMACION_DE_DONACIONES.pdf\" target=\"_blank\" rel=\"noopener\">Informaci\u00f3n de Donaciones<\/a><\/li><\/ul>\t\t\t\t\t\t<\/div>\n\t\t\t\t<\/div>\n\t\t\t\t\t<\/div>\n\t\t<\/div>\n\t\t\t\t\t<\/div>\n\t\t<\/section>\n\t\t\t\t<section class=\"elementor-section elementor-top-section elementor-element elementor-element-ed60f6e elementor-section-boxed elementor-section-height-default elementor-section-height-default\" data-id=\"ed60f6e\" data-element_type=\"section\">\n\t\t\t\t\t\t<div class=\"elementor-container elementor-column-gap-default\">\n\t\t\t\t\t<div class=\"elementor-column elementor-col-100 elementor-top-column elementor-element elementor-element-421fb56\" data-id=\"421fb56\" data-element_type=\"column\">\n\t\t\t<div class=\"elementor-widget-wrap\">\n\t\t\t\t\t\t\t<\/div>\n\t\t<\/div>\n\t\t\t\t\t<\/div>\n\t\t<\/section>\n\t\t\t\t<\/div>\n\t\t","protected":false},"excerpt":{"rendered":"<p>R\u00e9gimen Tributario A\u00f1o 2020 Cumplimientos anexos que trata el Art\u00edculo 1.2.1.5.1.8. Anexos de la solicitud de calificaci\u00f3n o permanencia como entidad perteneciente al R\u00e9gimen Tributario Especial. Certificado de cumplimiento de requisitos numeral 13 Art 364-5 E.T. Certificado de existencia y representaci\u00f3n legal Certificado de no pago directivos Declaraci\u00f3n renta Estados Financieros Estatutos de la Entidad [&hellip;]<\/p>\n","protected":false},"author":1,"featured_media":0,"parent":0,"menu_order":0,"comment_status":"closed","ping_status":"closed","template":"","meta":{"footnotes":""},"class_list":["post-117339","page","type-page","status-publish","hentry"],"featured_image_src":null,"yoast_head":"<!-- This site is optimized with the Yoast SEO Premium plugin v22.5 (Yoast SEO v22.5) - https:\/\/yoast.com\/wordpress\/plugins\/seo\/ -->\n<title>Misi\u00f3n Colombia - R\u00e9gimen Tributario - Fraternidade Miss\u00f5es Humanit\u00e1rias Internacionais<\/title>\n<meta name=\"robots\" content=\"index, follow, max-snippet:-1, max-image-preview:large, max-video-preview:-1\" \/>\n<link rel=\"canonical\" href=\"https:\/\/www.missoeshumanitarias.org\/es\/mision-colombia-regimen-tributario\/\" \/>\n<meta property=\"og:locale\" content=\"es_ES\" \/>\n<meta property=\"og:type\" content=\"article\" \/>\n<meta property=\"og:title\" content=\"Misi\u00f3n Colombia - R\u00e9gimen Tributario\" \/>\n<meta property=\"og:description\" content=\"R\u00e9gimen Tributario A\u00f1o 2020 Cumplimientos anexos que trata el Art\u00edculo 1.2.1.5.1.8. Anexos de la solicitud de calificaci\u00f3n o permanencia como entidad perteneciente al R\u00e9gimen Tributario Especial. Certificado de cumplimiento de requisitos numeral 13 Art 364-5 E.T. Certificado de existencia y representaci\u00f3n legal Certificado de no pago directivos Declaraci\u00f3n renta Estados Financieros Estatutos de la Entidad [&hellip;]\" \/>\n<meta property=\"og:url\" content=\"https:\/\/www.missoeshumanitarias.org\/es\/mision-colombia-regimen-tributario\/\" \/>\n<meta property=\"og:site_name\" content=\"Fraternidade Miss\u00f5es Humanit\u00e1rias Internacionais\" \/>\n<meta property=\"article:modified_time\" content=\"2021-03-31T10:37:06+00:00\" \/>\n<meta name=\"twitter:card\" content=\"summary_large_image\" \/>\n<meta name=\"twitter:label1\" content=\"Tiempo de lectura\" \/>\n\t<meta name=\"twitter:data1\" content=\"1 minuto\" \/>\n<script type=\"application\/ld+json\" class=\"yoast-schema-graph\">{\"@context\":\"https:\/\/schema.org\",\"@graph\":[{\"@type\":\"WebPage\",\"@id\":\"https:\/\/www.missoeshumanitarias.org\/es\/mision-colombia-regimen-tributario\/\",\"url\":\"https:\/\/www.missoeshumanitarias.org\/es\/mision-colombia-regimen-tributario\/\",\"name\":\"Misi\u00f3n Colombia - R\u00e9gimen Tributario - Fraternidade Miss\u00f5es Humanit\u00e1rias Internacionais\",\"isPartOf\":{\"@id\":\"https:\/\/www.missoeshumanitarias.org\/es\/#website\"},\"datePublished\":\"2021-03-27T16:37:26+00:00\",\"dateModified\":\"2021-03-31T10:37:06+00:00\",\"breadcrumb\":{\"@id\":\"https:\/\/www.missoeshumanitarias.org\/es\/mision-colombia-regimen-tributario\/#breadcrumb\"},\"inLanguage\":\"es\",\"potentialAction\":[{\"@type\":\"ReadAction\",\"target\":[\"https:\/\/www.missoeshumanitarias.org\/es\/mision-colombia-regimen-tributario\/\"]}]},{\"@type\":\"BreadcrumbList\",\"@id\":\"https:\/\/www.missoeshumanitarias.org\/es\/mision-colombia-regimen-tributario\/#breadcrumb\",\"itemListElement\":[{\"@type\":\"ListItem\",\"position\":1,\"name\":\"Home\",\"item\":\"https:\/\/www.missoeshumanitarias.org\/en\/\"},{\"@type\":\"ListItem\",\"position\":2,\"name\":\"Misi\u00f3n Colombia &#8211; R\u00e9gimen Tributario\"}]},{\"@type\":\"WebSite\",\"@id\":\"https:\/\/www.missoeshumanitarias.org\/es\/#website\",\"url\":\"https:\/\/www.missoeshumanitarias.org\/es\/\",\"name\":\"Fraternidade Miss\u00f5es Humanit\u00e1rias Internacionais\",\"description\":\"Respostas Humanit\u00e1rias e Emerg\u00eancias\",\"publisher\":{\"@id\":\"https:\/\/www.missoeshumanitarias.org\/es\/#organization\"},\"potentialAction\":[{\"@type\":\"SearchAction\",\"target\":{\"@type\":\"EntryPoint\",\"urlTemplate\":\"https:\/\/www.missoeshumanitarias.org\/es\/?s={search_term_string}\"},\"query-input\":\"required name=search_term_string\"}],\"inLanguage\":\"es\"},{\"@type\":\"Organization\",\"@id\":\"https:\/\/www.missoeshumanitarias.org\/es\/#organization\",\"name\":\"Fraternidade - Miss\u00f5es Humanit\u00e1rias Internacionais\",\"url\":\"https:\/\/www.missoeshumanitarias.org\/es\/\",\"logo\":{\"@type\":\"ImageObject\",\"inLanguage\":\"es\",\"@id\":\"https:\/\/www.missoeshumanitarias.org\/es\/#\/schema\/logo\/image\/\",\"url\":\"https:\/\/www.missoeshumanitarias.org\/wp-content\/uploads\/2020\/05\/logo-FMHI-mg.png\",\"contentUrl\":\"https:\/\/www.missoeshumanitarias.org\/wp-content\/uploads\/2020\/05\/logo-FMHI-mg.png\",\"width\":520,\"height\":134,\"caption\":\"Fraternidade - Miss\u00f5es Humanit\u00e1rias Internacionais\"},\"image\":{\"@id\":\"https:\/\/www.missoeshumanitarias.org\/es\/#\/schema\/logo\/image\/\"}}]}<\/script>\n<!-- \/ Yoast SEO Premium plugin. -->","yoast_head_json":{"title":"Misi\u00f3n Colombia - R\u00e9gimen Tributario - Fraternidade Miss\u00f5es Humanit\u00e1rias Internacionais","robots":{"index":"index","follow":"follow","max-snippet":"max-snippet:-1","max-image-preview":"max-image-preview:large","max-video-preview":"max-video-preview:-1"},"canonical":"https:\/\/www.missoeshumanitarias.org\/es\/mision-colombia-regimen-tributario\/","og_locale":"es_ES","og_type":"article","og_title":"Misi\u00f3n Colombia - R\u00e9gimen Tributario","og_description":"R\u00e9gimen Tributario A\u00f1o 2020 Cumplimientos anexos que trata el Art\u00edculo 1.2.1.5.1.8. Anexos de la solicitud de calificaci\u00f3n o permanencia como entidad perteneciente al R\u00e9gimen Tributario Especial. Certificado de cumplimiento de requisitos numeral 13 Art 364-5 E.T. Certificado de existencia y representaci\u00f3n legal Certificado de no pago directivos Declaraci\u00f3n renta Estados Financieros Estatutos de la Entidad [&hellip;]","og_url":"https:\/\/www.missoeshumanitarias.org\/es\/mision-colombia-regimen-tributario\/","og_site_name":"Fraternidade Miss\u00f5es Humanit\u00e1rias Internacionais","article_modified_time":"2021-03-31T10:37:06+00:00","twitter_card":"summary_large_image","twitter_misc":{"Tiempo de lectura":"1 minuto"},"schema":{"@context":"https:\/\/schema.org","@graph":[{"@type":"WebPage","@id":"https:\/\/www.missoeshumanitarias.org\/es\/mision-colombia-regimen-tributario\/","url":"https:\/\/www.missoeshumanitarias.org\/es\/mision-colombia-regimen-tributario\/","name":"Misi\u00f3n Colombia - R\u00e9gimen Tributario - Fraternidade Miss\u00f5es Humanit\u00e1rias Internacionais","isPartOf":{"@id":"https:\/\/www.missoeshumanitarias.org\/es\/#website"},"datePublished":"2021-03-27T16:37:26+00:00","dateModified":"2021-03-31T10:37:06+00:00","breadcrumb":{"@id":"https:\/\/www.missoeshumanitarias.org\/es\/mision-colombia-regimen-tributario\/#breadcrumb"},"inLanguage":"es","potentialAction":[{"@type":"ReadAction","target":["https:\/\/www.missoeshumanitarias.org\/es\/mision-colombia-regimen-tributario\/"]}]},{"@type":"BreadcrumbList","@id":"https:\/\/www.missoeshumanitarias.org\/es\/mision-colombia-regimen-tributario\/#breadcrumb","itemListElement":[{"@type":"ListItem","position":1,"name":"Home","item":"https:\/\/www.missoeshumanitarias.org\/en\/"},{"@type":"ListItem","position":2,"name":"Misi\u00f3n Colombia &#8211; R\u00e9gimen Tributario"}]},{"@type":"WebSite","@id":"https:\/\/www.missoeshumanitarias.org\/es\/#website","url":"https:\/\/www.missoeshumanitarias.org\/es\/","name":"Fraternidade Miss\u00f5es Humanit\u00e1rias Internacionais","description":"Respostas Humanit\u00e1rias e Emerg\u00eancias","publisher":{"@id":"https:\/\/www.missoeshumanitarias.org\/es\/#organization"},"potentialAction":[{"@type":"SearchAction","target":{"@type":"EntryPoint","urlTemplate":"https:\/\/www.missoeshumanitarias.org\/es\/?s={search_term_string}"},"query-input":"required name=search_term_string"}],"inLanguage":"es"},{"@type":"Organization","@id":"https:\/\/www.missoeshumanitarias.org\/es\/#organization","name":"Fraternidade - Miss\u00f5es Humanit\u00e1rias Internacionais","url":"https:\/\/www.missoeshumanitarias.org\/es\/","logo":{"@type":"ImageObject","inLanguage":"es","@id":"https:\/\/www.missoeshumanitarias.org\/es\/#\/schema\/logo\/image\/","url":"https:\/\/www.missoeshumanitarias.org\/wp-content\/uploads\/2020\/05\/logo-FMHI-mg.png","contentUrl":"https:\/\/www.missoeshumanitarias.org\/wp-content\/uploads\/2020\/05\/logo-FMHI-mg.png","width":520,"height":134,"caption":"Fraternidade - Miss\u00f5es Humanit\u00e1rias Internacionais"},"image":{"@id":"https:\/\/www.missoeshumanitarias.org\/es\/#\/schema\/logo\/image\/"}}]}},"_links":{"self":[{"href":"https:\/\/www.missoeshumanitarias.org\/es\/wp-json\/wp\/v2\/pages\/117339","targetHints":{"allow":["GET"]}}],"collection":[{"href":"https:\/\/www.missoeshumanitarias.org\/es\/wp-json\/wp\/v2\/pages"}],"about":[{"href":"https:\/\/www.missoeshumanitarias.org\/es\/wp-json\/wp\/v2\/types\/page"}],"author":[{"embeddable":true,"href":"https:\/\/www.missoeshumanitarias.org\/es\/wp-json\/wp\/v2\/users\/1"}],"replies":[{"embeddable":true,"href":"https:\/\/www.missoeshumanitarias.org\/es\/wp-json\/wp\/v2\/comments?post=117339"}],"version-history":[{"count":0,"href":"https:\/\/www.missoeshumanitarias.org\/es\/wp-json\/wp\/v2\/pages\/117339\/revisions"}],"wp:attachment":[{"href":"https:\/\/www.missoeshumanitarias.org\/es\/wp-json\/wp\/v2\/media?parent=117339"}],"curies":[{"name":"wp","href":"https:\/\/api.w.org\/{rel}","templated":true}]}}