{"id":118859,"date":"2021-05-27T08:46:53","date_gmt":"2021-05-27T11:46:53","guid":{"rendered":"https:\/\/www.missoeshumanitarias.org\/afiliada-en-ginebra\/"},"modified":"2022-07-26T07:33:36","modified_gmt":"2022-07-26T10:33:36","slug":"afiliada-en-ginebra","status":"publish","type":"page","link":"https:\/\/www.missoeshumanitarias.org\/es\/afiliada-en-ginebra\/","title":{"rendered":"Afiliada en Ginebra"},"content":{"rendered":"\t\t<div data-elementor-type=\"wp-page\" data-elementor-id=\"118859\" class=\"elementor elementor-118859 elementor-118202\" data-elementor-settings=\"{&quot;element_pack_global_tooltip_width&quot;:{&quot;unit&quot;:&quot;px&quot;,&quot;size&quot;:&quot;&quot;,&quot;sizes&quot;:[]},&quot;element_pack_global_tooltip_width_tablet&quot;:{&quot;unit&quot;:&quot;px&quot;,&quot;size&quot;:&quot;&quot;,&quot;sizes&quot;:[]},&quot;element_pack_global_tooltip_width_mobile&quot;:{&quot;unit&quot;:&quot;px&quot;,&quot;size&quot;:&quot;&quot;,&quot;sizes&quot;:[]},&quot;element_pack_global_tooltip_padding&quot;:{&quot;unit&quot;:&quot;px&quot;,&quot;top&quot;:&quot;&quot;,&quot;right&quot;:&quot;&quot;,&quot;bottom&quot;:&quot;&quot;,&quot;left&quot;:&quot;&quot;,&quot;isLinked&quot;:true},&quot;element_pack_global_tooltip_padding_tablet&quot;:{&quot;unit&quot;:&quot;px&quot;,&quot;top&quot;:&quot;&quot;,&quot;right&quot;:&quot;&quot;,&quot;bottom&quot;:&quot;&quot;,&quot;left&quot;:&quot;&quot;,&quot;isLinked&quot;:true},&quot;element_pack_global_tooltip_padding_mobile&quot;:{&quot;unit&quot;:&quot;px&quot;,&quot;top&quot;:&quot;&quot;,&quot;right&quot;:&quot;&quot;,&quot;bottom&quot;:&quot;&quot;,&quot;left&quot;:&quot;&quot;,&quot;isLinked&quot;:true},&quot;element_pack_global_tooltip_border_radius&quot;:{&quot;unit&quot;:&quot;px&quot;,&quot;top&quot;:&quot;&quot;,&quot;right&quot;:&quot;&quot;,&quot;bottom&quot;:&quot;&quot;,&quot;left&quot;:&quot;&quot;,&quot;isLinked&quot;:true},&quot;element_pack_global_tooltip_border_radius_tablet&quot;:{&quot;unit&quot;:&quot;px&quot;,&quot;top&quot;:&quot;&quot;,&quot;right&quot;:&quot;&quot;,&quot;bottom&quot;:&quot;&quot;,&quot;left&quot;:&quot;&quot;,&quot;isLinked&quot;:true},&quot;element_pack_global_tooltip_border_radius_mobile&quot;:{&quot;unit&quot;:&quot;px&quot;,&quot;top&quot;:&quot;&quot;,&quot;right&quot;:&quot;&quot;,&quot;bottom&quot;:&quot;&quot;,&quot;left&quot;:&quot;&quot;,&quot;isLinked&quot;:true}}\" data-elementor-post-type=\"page\">\n\t\t\t\t\t\t<section class=\"elementor-section elementor-top-section elementor-element elementor-element-8320861 elementor-section-boxed elementor-section-height-default elementor-section-height-default\" data-id=\"8320861\" data-element_type=\"section\">\n\t\t\t\t\t\t<div class=\"elementor-container elementor-column-gap-default\">\n\t\t\t\t\t<div class=\"elementor-column elementor-col-100 elementor-top-column elementor-element elementor-element-8c9246e\" data-id=\"8c9246e\" data-element_type=\"column\">\n\t\t\t<div class=\"elementor-widget-wrap elementor-element-populated\">\n\t\t\t\t\t\t<div class=\"elementor-element elementor-element-6f8db6e9 elementor-widget elementor-widget-heading\" data-id=\"6f8db6e9\" data-element_type=\"widget\" data-widget_type=\"heading.default\">\n\t\t\t\t<div class=\"elementor-widget-container\">\n\t\t\t<h2 class=\"elementor-heading-title elementor-size-default\">Fraternidad - Misiones Humanitarias Internacionales (FMHI) Ginebra<\/h2>\t\t<\/div>\n\t\t\t\t<\/div>\n\t\t\t\t\t<\/div>\n\t\t<\/div>\n\t\t\t\t\t<\/div>\n\t\t<\/section>\n\t\t\t\t<section class=\"elementor-section elementor-top-section elementor-element elementor-element-2b6b0462 elementor-section-boxed elementor-section-height-default elementor-section-height-default\" data-id=\"2b6b0462\" data-element_type=\"section\">\n\t\t\t\t\t\t<div class=\"elementor-container elementor-column-gap-default\">\n\t\t\t\t\t<div class=\"elementor-column elementor-col-50 elementor-top-column elementor-element elementor-element-28d22283\" data-id=\"28d22283\" data-element_type=\"column\">\n\t\t\t<div class=\"elementor-widget-wrap elementor-element-populated\">\n\t\t\t\t\t\t<div class=\"elementor-element elementor-element-193e0e60 elementor-widget elementor-widget-text-editor\" data-id=\"193e0e60\" data-element_type=\"widget\" data-widget_type=\"text-editor.default\">\n\t\t\t\t<div class=\"elementor-widget-container\">\n\t\t\t\t\t\t\t<p><span style=\"font-weight: 400;\"><strong><img decoding=\"async\" class=\"size-full wp-image-118705 alignleft\" src=\"https:\/\/www.missoeshumanitarias.org\/wp-content\/uploads\/2021\/07\/bd-suica.jpg\" alt=\"Bandera\" width=\"80\" height=\"45\" \/>Fecha<\/strong>: 20\/05\/2021<br \/><\/span><span style=\"font-weight: 400;\"><strong>Lugar<\/strong>: Ginebra, Suiza<\/span><\/p><p>La <strong>Fraternidad &#8211; Federaci\u00f3n Humanitaria Internacional (FHMI) <\/strong>Ginebra fue fundada para satisfacer la necesidad de ampliar los servicios humanitarios de la <a href=\"https:\/\/www.fraterinternacional.org\/\" target=\"_blank\" rel=\"noopener\"><strong>Fraternidad &#8211; Federaci\u00f3n Humanitaria Internacional (FFHI)<\/strong><\/a> en todo el mundo, con mayor respaldo jur\u00eddico y humano.<\/p><p>Como importante centro de cooperaci\u00f3n internacional, constituir una sede en la ciudad de Ginebra, Suiza, contribuir\u00e1 a impulsar las actividades de la Instituci\u00f3n en Europa y el mundo, adem\u00e1s de permitir el fortalecimiento de v\u00ednculos y alianzas entre organizaciones internacionales y organizaciones no gubernamentales, con objetivos comunes.<\/p><p>La <strong>Fraternidad &#8211; Misiones Humanitarias (FMHI) Ginebra<\/strong> deber\u00e1 participar, cuando sea necesario y solicitado, de acuerdo con los recursos disponibles, ofreci\u00e9ndose para aliviar el sufrimiento humano. La instituci\u00f3n da cabida para que voluntarios que est\u00e9n dispuestos a participar, solidariamente, puedan llevar auxilio y servicio abnegado a las m\u00e1s diferentes regiones del planeta.<\/p><p>El resultado deseado de esta uni\u00f3n de esfuerzos y metas ser\u00e1 un movimiento integrado por la paz y la fraternidad en el planeta.<\/p>\t\t\t\t\t\t<\/div>\n\t\t\t\t<\/div>\n\t\t\t\t\t<\/div>\n\t\t<\/div>\n\t\t\t\t<div class=\"elementor-column elementor-col-50 elementor-top-column elementor-element elementor-element-67ef875c\" data-id=\"67ef875c\" data-element_type=\"column\">\n\t\t\t<div class=\"elementor-widget-wrap elementor-element-populated\">\n\t\t\t\t\t\t<div class=\"elementor-element elementor-element-62cb959 elementor-widget elementor-widget-shortcode\" data-id=\"62cb959\" data-element_type=\"widget\" data-widget_type=\"shortcode.default\">\n\t\t\t\t<div class=\"elementor-widget-container\">\n\t\t\t\t\t<div class=\"elementor-shortcode\">[smartslider3 slider=\"5\"]<\/div>\n\t\t\t\t<\/div>\n\t\t\t\t<\/div>\n\t\t\t\t\t<\/div>\n\t\t<\/div>\n\t\t\t\t\t<\/div>\n\t\t<\/section>\n\t\t\t\t<\/div>\n\t\t","protected":false},"excerpt":{"rendered":"<p>Fraternidad &#8211; Misiones Humanitarias Internacionales (FMHI) Ginebra Fecha: 20\/05\/2021Lugar: Ginebra, Suiza La Fraternidad &#8211; Federaci\u00f3n Humanitaria Internacional (FHMI) Ginebra fue fundada para satisfacer la necesidad de ampliar los servicios humanitarios de la Fraternidad &#8211; Federaci\u00f3n Humanitaria Internacional (FFHI) en todo el mundo, con mayor respaldo jur\u00eddico y humano. Como importante centro de cooperaci\u00f3n internacional, constituir [&hellip;]<\/p>\n","protected":false},"author":1,"featured_media":0,"parent":0,"menu_order":0,"comment_status":"closed","ping_status":"closed","template":"elementor_header_footer","meta":{"footnotes":""},"class_list":["post-118859","page","type-page","status-publish","hentry"],"featured_image_src":null,"yoast_head":"<!-- This site is optimized with the Yoast SEO Premium plugin v22.5 (Yoast SEO v22.5) - https:\/\/yoast.com\/wordpress\/plugins\/seo\/ -->\n<title>Afiliada en Ginebra - Fraternidade Miss\u00f5es Humanit\u00e1rias Internacionais<\/title>\n<meta name=\"robots\" content=\"index, follow, max-snippet:-1, max-image-preview:large, max-video-preview:-1\" \/>\n<link rel=\"canonical\" href=\"https:\/\/www.missoeshumanitarias.org\/filiada-genebra\/\" \/>\n<meta property=\"og:locale\" content=\"es_ES\" \/>\n<meta property=\"og:type\" content=\"article\" \/>\n<meta property=\"og:title\" content=\"Afiliada en Ginebra\" \/>\n<meta property=\"og:description\" content=\"Fraternidad &#8211; Misiones Humanitarias Internacionales (FMHI) Ginebra Fecha: 20\/05\/2021Lugar: Ginebra, Suiza La Fraternidad &#8211; Federaci\u00f3n Humanitaria Internacional (FHMI) Ginebra fue fundada para satisfacer la necesidad de ampliar los servicios humanitarios de la Fraternidad &#8211; Federaci\u00f3n Humanitaria Internacional (FFHI) en todo el mundo, con mayor respaldo jur\u00eddico y humano. Como importante centro de cooperaci\u00f3n internacional, constituir [&hellip;]\" \/>\n<meta property=\"og:url\" content=\"https:\/\/www.missoeshumanitarias.org\/filiada-genebra\/\" \/>\n<meta property=\"og:site_name\" content=\"Fraternidade Miss\u00f5es Humanit\u00e1rias Internacionais\" \/>\n<meta property=\"article:modified_time\" content=\"2022-07-26T10:33:36+00:00\" \/>\n<meta property=\"og:image\" content=\"https:\/\/www.missoeshumanitarias.org\/wp-content\/uploads\/2021\/07\/bd-suica.jpg\" \/>\n<meta name=\"twitter:card\" content=\"summary_large_image\" \/>\n<meta name=\"twitter:label1\" content=\"Tiempo de lectura\" \/>\n\t<meta name=\"twitter:data1\" content=\"1 minuto\" \/>\n<script type=\"application\/ld+json\" class=\"yoast-schema-graph\">{\"@context\":\"https:\/\/schema.org\",\"@graph\":[{\"@type\":\"WebPage\",\"@id\":\"https:\/\/www.missoeshumanitarias.org\/filiada-genebra\/\",\"url\":\"https:\/\/www.missoeshumanitarias.org\/filiada-genebra\/\",\"name\":\"Afiliada en Ginebra - Fraternidade Miss\u00f5es Humanit\u00e1rias Internacionais\",\"isPartOf\":{\"@id\":\"https:\/\/www.missoeshumanitarias.org\/es\/#website\"},\"primaryImageOfPage\":{\"@id\":\"https:\/\/www.missoeshumanitarias.org\/filiada-genebra\/#primaryimage\"},\"image\":{\"@id\":\"https:\/\/www.missoeshumanitarias.org\/filiada-genebra\/#primaryimage\"},\"thumbnailUrl\":\"https:\/\/www.missoeshumanitarias.org\/wp-content\/uploads\/2021\/07\/bd-suica.jpg\",\"datePublished\":\"2021-05-27T11:46:53+00:00\",\"dateModified\":\"2022-07-26T10:33:36+00:00\",\"breadcrumb\":{\"@id\":\"https:\/\/www.missoeshumanitarias.org\/filiada-genebra\/#breadcrumb\"},\"inLanguage\":\"es\",\"potentialAction\":[{\"@type\":\"ReadAction\",\"target\":[\"https:\/\/www.missoeshumanitarias.org\/filiada-genebra\/\"]}]},{\"@type\":\"ImageObject\",\"inLanguage\":\"es\",\"@id\":\"https:\/\/www.missoeshumanitarias.org\/filiada-genebra\/#primaryimage\",\"url\":\"https:\/\/www.missoeshumanitarias.org\/wp-content\/uploads\/2021\/07\/bd-suica.jpg\",\"contentUrl\":\"https:\/\/www.missoeshumanitarias.org\/wp-content\/uploads\/2021\/07\/bd-suica.jpg\"},{\"@type\":\"BreadcrumbList\",\"@id\":\"https:\/\/www.missoeshumanitarias.org\/filiada-genebra\/#breadcrumb\",\"itemListElement\":[{\"@type\":\"ListItem\",\"position\":1,\"name\":\"Home\",\"item\":\"https:\/\/www.missoeshumanitarias.org\/en\/\"},{\"@type\":\"ListItem\",\"position\":2,\"name\":\"Afiliada en Ginebra\"}]},{\"@type\":\"WebSite\",\"@id\":\"https:\/\/www.missoeshumanitarias.org\/es\/#website\",\"url\":\"https:\/\/www.missoeshumanitarias.org\/es\/\",\"name\":\"Fraternidade Miss\u00f5es Humanit\u00e1rias Internacionais\",\"description\":\"Respostas Humanit\u00e1rias e Emerg\u00eancias\",\"publisher\":{\"@id\":\"https:\/\/www.missoeshumanitarias.org\/es\/#organization\"},\"potentialAction\":[{\"@type\":\"SearchAction\",\"target\":{\"@type\":\"EntryPoint\",\"urlTemplate\":\"https:\/\/www.missoeshumanitarias.org\/es\/?s={search_term_string}\"},\"query-input\":\"required name=search_term_string\"}],\"inLanguage\":\"es\"},{\"@type\":\"Organization\",\"@id\":\"https:\/\/www.missoeshumanitarias.org\/es\/#organization\",\"name\":\"Fraternidade - Miss\u00f5es Humanit\u00e1rias Internacionais\",\"url\":\"https:\/\/www.missoeshumanitarias.org\/es\/\",\"logo\":{\"@type\":\"ImageObject\",\"inLanguage\":\"es\",\"@id\":\"https:\/\/www.missoeshumanitarias.org\/es\/#\/schema\/logo\/image\/\",\"url\":\"https:\/\/www.missoeshumanitarias.org\/wp-content\/uploads\/2020\/05\/logo-FMHI-mg.png\",\"contentUrl\":\"https:\/\/www.missoeshumanitarias.org\/wp-content\/uploads\/2020\/05\/logo-FMHI-mg.png\",\"width\":520,\"height\":134,\"caption\":\"Fraternidade - Miss\u00f5es Humanit\u00e1rias Internacionais\"},\"image\":{\"@id\":\"https:\/\/www.missoeshumanitarias.org\/es\/#\/schema\/logo\/image\/\"}}]}<\/script>\n<!-- \/ Yoast SEO Premium plugin. -->","yoast_head_json":{"title":"Afiliada en Ginebra - Fraternidade Miss\u00f5es Humanit\u00e1rias Internacionais","robots":{"index":"index","follow":"follow","max-snippet":"max-snippet:-1","max-image-preview":"max-image-preview:large","max-video-preview":"max-video-preview:-1"},"canonical":"https:\/\/www.missoeshumanitarias.org\/filiada-genebra\/","og_locale":"es_ES","og_type":"article","og_title":"Afiliada en Ginebra","og_description":"Fraternidad &#8211; Misiones Humanitarias Internacionales (FMHI) Ginebra Fecha: 20\/05\/2021Lugar: Ginebra, Suiza La Fraternidad &#8211; Federaci\u00f3n Humanitaria Internacional (FHMI) Ginebra fue fundada para satisfacer la necesidad de ampliar los servicios humanitarios de la Fraternidad &#8211; Federaci\u00f3n Humanitaria Internacional (FFHI) en todo el mundo, con mayor respaldo jur\u00eddico y humano. Como importante centro de cooperaci\u00f3n internacional, constituir [&hellip;]","og_url":"https:\/\/www.missoeshumanitarias.org\/filiada-genebra\/","og_site_name":"Fraternidade Miss\u00f5es Humanit\u00e1rias Internacionais","article_modified_time":"2022-07-26T10:33:36+00:00","og_image":[{"url":"https:\/\/www.missoeshumanitarias.org\/wp-content\/uploads\/2021\/07\/bd-suica.jpg"}],"twitter_card":"summary_large_image","twitter_misc":{"Tiempo de lectura":"1 minuto"},"schema":{"@context":"https:\/\/schema.org","@graph":[{"@type":"WebPage","@id":"https:\/\/www.missoeshumanitarias.org\/filiada-genebra\/","url":"https:\/\/www.missoeshumanitarias.org\/filiada-genebra\/","name":"Afiliada en Ginebra - Fraternidade Miss\u00f5es Humanit\u00e1rias Internacionais","isPartOf":{"@id":"https:\/\/www.missoeshumanitarias.org\/es\/#website"},"primaryImageOfPage":{"@id":"https:\/\/www.missoeshumanitarias.org\/filiada-genebra\/#primaryimage"},"image":{"@id":"https:\/\/www.missoeshumanitarias.org\/filiada-genebra\/#primaryimage"},"thumbnailUrl":"https:\/\/www.missoeshumanitarias.org\/wp-content\/uploads\/2021\/07\/bd-suica.jpg","datePublished":"2021-05-27T11:46:53+00:00","dateModified":"2022-07-26T10:33:36+00:00","breadcrumb":{"@id":"https:\/\/www.missoeshumanitarias.org\/filiada-genebra\/#breadcrumb"},"inLanguage":"es","potentialAction":[{"@type":"ReadAction","target":["https:\/\/www.missoeshumanitarias.org\/filiada-genebra\/"]}]},{"@type":"ImageObject","inLanguage":"es","@id":"https:\/\/www.missoeshumanitarias.org\/filiada-genebra\/#primaryimage","url":"https:\/\/www.missoeshumanitarias.org\/wp-content\/uploads\/2021\/07\/bd-suica.jpg","contentUrl":"https:\/\/www.missoeshumanitarias.org\/wp-content\/uploads\/2021\/07\/bd-suica.jpg"},{"@type":"BreadcrumbList","@id":"https:\/\/www.missoeshumanitarias.org\/filiada-genebra\/#breadcrumb","itemListElement":[{"@type":"ListItem","position":1,"name":"Home","item":"https:\/\/www.missoeshumanitarias.org\/en\/"},{"@type":"ListItem","position":2,"name":"Afiliada en Ginebra"}]},{"@type":"WebSite","@id":"https:\/\/www.missoeshumanitarias.org\/es\/#website","url":"https:\/\/www.missoeshumanitarias.org\/es\/","name":"Fraternidade Miss\u00f5es Humanit\u00e1rias Internacionais","description":"Respostas Humanit\u00e1rias e Emerg\u00eancias","publisher":{"@id":"https:\/\/www.missoeshumanitarias.org\/es\/#organization"},"potentialAction":[{"@type":"SearchAction","target":{"@type":"EntryPoint","urlTemplate":"https:\/\/www.missoeshumanitarias.org\/es\/?s={search_term_string}"},"query-input":"required name=search_term_string"}],"inLanguage":"es"},{"@type":"Organization","@id":"https:\/\/www.missoeshumanitarias.org\/es\/#organization","name":"Fraternidade - Miss\u00f5es Humanit\u00e1rias Internacionais","url":"https:\/\/www.missoeshumanitarias.org\/es\/","logo":{"@type":"ImageObject","inLanguage":"es","@id":"https:\/\/www.missoeshumanitarias.org\/es\/#\/schema\/logo\/image\/","url":"https:\/\/www.missoeshumanitarias.org\/wp-content\/uploads\/2020\/05\/logo-FMHI-mg.png","contentUrl":"https:\/\/www.missoeshumanitarias.org\/wp-content\/uploads\/2020\/05\/logo-FMHI-mg.png","width":520,"height":134,"caption":"Fraternidade - Miss\u00f5es Humanit\u00e1rias Internacionais"},"image":{"@id":"https:\/\/www.missoeshumanitarias.org\/es\/#\/schema\/logo\/image\/"}}]}},"_links":{"self":[{"href":"https:\/\/www.missoeshumanitarias.org\/es\/wp-json\/wp\/v2\/pages\/118859","targetHints":{"allow":["GET"]}}],"collection":[{"href":"https:\/\/www.missoeshumanitarias.org\/es\/wp-json\/wp\/v2\/pages"}],"about":[{"href":"https:\/\/www.missoeshumanitarias.org\/es\/wp-json\/wp\/v2\/types\/page"}],"author":[{"embeddable":true,"href":"https:\/\/www.missoeshumanitarias.org\/es\/wp-json\/wp\/v2\/users\/1"}],"replies":[{"embeddable":true,"href":"https:\/\/www.missoeshumanitarias.org\/es\/wp-json\/wp\/v2\/comments?post=118859"}],"version-history":[{"count":0,"href":"https:\/\/www.missoeshumanitarias.org\/es\/wp-json\/wp\/v2\/pages\/118859\/revisions"}],"wp:attachment":[{"href":"https:\/\/www.missoeshumanitarias.org\/es\/wp-json\/wp\/v2\/media?parent=118859"}],"curies":[{"name":"wp","href":"https:\/\/api.w.org\/{rel}","templated":true}]}}