{"id":119469,"date":"2021-08-20T12:17:38","date_gmt":"2021-08-20T15:17:38","guid":{"rendered":"https:\/\/www.missoeshumanitarias.org\/politicas-de-uso-legitimo-fair-use-de-contenidos\/"},"modified":"2021-08-20T12:17:38","modified_gmt":"2021-08-20T15:17:38","slug":"politicas-de-uso-legitimo-fair-use-de-contenidos","status":"publish","type":"page","link":"https:\/\/www.missoeshumanitarias.org\/es\/politicas-de-uso-legitimo-fair-use-de-contenidos\/","title":{"rendered":"Pol\u00edticas de uso leg\u00edtimo (fair use) de contenidos"},"content":{"rendered":"\n<p>Todos los videos, im\u00e1genes, textos y cualquier otro material disponible en los medios electr\u00f3nicos o f\u00edsicos de la FRATERNIDAD \u2013 FEDERACI\u00d3N HUMANITARIA INTERNACIONAL (FFHI) y la FRATERNIDAD \u2013 MISIONES HUMANITARIAS INTERNACIONALES (FMHI) as\u00ed como sus respectivos canales en YouTube y otras Redes Sociales son de propiedad exclusivas de las mismas y cualquier uso est\u00e1n expresamente prohibidos, excepto de conformidad expresa con este t\u00e9rmino, bajo pena de las medidas legales aplicables.<\/p>\n\n<p>Los contenidos solo podr\u00e1n ser publicados en su totalidad y con referencia expresa a las p\u00e1ginas y perfiles de las entidades mencionadas, haciendo referencia expresa al enlace o texto donde se encuentren. Ninguno de los videos, im\u00e1genes, textos o cualquier otro material disponible puede usarse con fines comerciales.<\/p>\n\n<p>Se permite el uso de videos, im\u00e1genes, textos o cualquier otro material con un fin no comercial, y su uso justo debe cumplir necesariamente con los siguientes requisitos:<\/p>\n\n<p>I.  No puede incluir ning\u00fan tipo de publicidad, antes, durante o despu\u00e9s del contenido;&#13;\n&#13;\nII. No pueden incluir banners publicitarios;&#13;\n&#13;\nIII. No pueden utilizarse con fines comerciales;&#13;\n&#13;\nIV. No se puede utilizar sin una referencia expresa de la fuente;&#13;\n&#13;\nV. El contenido no puede ser alterado de ninguna manera, ya sea imagen, video o m\u00fasica, texto o cualquier otro, ni siquiera parcialmente exhibido, fusionado, editado o cualquier otra forma de caracterizaci\u00f3n err\u00f3nea del prop\u00f3sito inicial;&#13;\n&#13;\nVI. No pueden utilizarse con fines vejatorios, insultantes, cr\u00edticos o vinculantes con una imagen negativa de cualquier persona f\u00edsica o jur\u00eddica, grupo de personas, asociaciones, cooperativas, gubernamentales, etc.;&#13;\n&#13;\nVII. Deben cumplir con todas las leyes y regulaciones aplicables, incluyendo garantizar que proporcionar\u00e1n todos los avisos legales necesarios a las personas que los usan o ven.<\/p>\n\n<p>La FRATERNIDAD \u2013 FEDERACI\u00d3N HUMANITARIA INTERNACIONAL (FFHI) y la FRATERNIDAD \u2013 MISIONES HUMANITARIAS INTERNACIONALES (FMHI), no se responsabilizan del mal uso de dichos contenidos, sea en cumplimiento o no de esta pol\u00edtica. Ninguna v\u00ednculaci\u00f3n de estos reflejar\u00e1 necesariamente la opini\u00f3n o visi\u00f3n de la FRATERNIDAD \u2013 FEDERACI\u00d3N HUMANITARIA INTERNACIONAL (FFHI) y de la FRATERNIDAD \u2013 MISIONES HUMANITARIAS INTERNACIONALES (FMHI).<\/p>\n\n<p>Se deben observar todas las pol\u00edticas aqu\u00ed descritas, y la decisi\u00f3n de utilizar cualquier aspecto del contenido presentado implicar\u00e1 autom\u00e1ticamente la aceptaci\u00f3n de estos t\u00e9rminos.<\/p>\n\n<p>Para m\u00e1s informaci\u00f3n sobre los contenidos, usos y ejemplos relacionados con nuestras pol\u00edticas, o cualquier autorizaci\u00f3n excepcional de uso fuera del alcance de estas, env\u00ede un correo electr\u00f3nico a secretaria@fraterinternacional.org.<\/p>\n\n<figure class=\"wp-block-image size-full\"><img decoding=\"async\" width=\"150\" height=\"46\" src=\"https:\/\/www.missoeshumanitarias.org\/wp-content\/uploads\/2021\/08\/logo-cc.png\" alt=\"Logo Creative Commons\" class=\"wp-image-119461\"\/><\/figure>\n\n<p>Contenido con licencia deCreative Commons Atribui\u00e7\u00e3o-N\u00e3oComercial-SemDeriva\u00e7\u00f5es 4.0 Internacional (CC BY-NC-ND 4.0)<\/p>\n","protected":false},"excerpt":{"rendered":"<p>Todos los videos, im\u00e1genes, textos y cualquier otro material disponible en los medios electr\u00f3nicos o f\u00edsicos de la FRATERNIDAD \u2013 FEDERACI\u00d3N HUMANITARIA INTERNACIONAL (FFHI) y la FRATERNIDAD \u2013 MISIONES HUMANITARIAS INTERNACIONALES (FMHI) as\u00ed como sus respectivos canales en YouTube y otras Redes Sociales son de propiedad exclusivas de las mismas y cualquier uso est\u00e1n expresamente [&hellip;]<\/p>\n","protected":false},"author":1,"featured_media":0,"parent":0,"menu_order":0,"comment_status":"closed","ping_status":"closed","template":"","meta":{"footnotes":""},"class_list":["post-119469","page","type-page","status-publish","hentry"],"featured_image_src":null,"yoast_head":"<!-- This site is optimized with the Yoast SEO Premium plugin v22.5 (Yoast SEO v22.5) - https:\/\/yoast.com\/wordpress\/plugins\/seo\/ -->\n<title>Pol\u00edticas de uso leg\u00edtimo (fair use) de contenidos - Fraternidade Miss\u00f5es Humanit\u00e1rias Internacionais<\/title>\n<meta name=\"robots\" content=\"index, follow, max-snippet:-1, max-image-preview:large, max-video-preview:-1\" \/>\n<link rel=\"canonical\" href=\"https:\/\/www.missoeshumanitarias.org\/es\/politicas-de-uso-legitimo-fair-use-de-contenidos\/\" \/>\n<meta property=\"og:locale\" content=\"es_ES\" \/>\n<meta property=\"og:type\" content=\"article\" \/>\n<meta property=\"og:title\" content=\"Pol\u00edticas de uso leg\u00edtimo (fair use) de contenidos\" \/>\n<meta property=\"og:description\" content=\"Todos los videos, im\u00e1genes, textos y cualquier otro material disponible en los medios electr\u00f3nicos o f\u00edsicos de la FRATERNIDAD \u2013 FEDERACI\u00d3N HUMANITARIA INTERNACIONAL (FFHI) y la FRATERNIDAD \u2013 MISIONES HUMANITARIAS INTERNACIONALES (FMHI) as\u00ed como sus respectivos canales en YouTube y otras Redes Sociales son de propiedad exclusivas de las mismas y cualquier uso est\u00e1n expresamente [&hellip;]\" \/>\n<meta property=\"og:url\" content=\"https:\/\/www.missoeshumanitarias.org\/es\/politicas-de-uso-legitimo-fair-use-de-contenidos\/\" \/>\n<meta property=\"og:site_name\" content=\"Fraternidade Miss\u00f5es Humanit\u00e1rias Internacionais\" \/>\n<meta property=\"og:image\" content=\"https:\/\/www.missoeshumanitarias.org\/wp-content\/uploads\/2021\/08\/logo-cc.png\" \/>\n<meta name=\"twitter:card\" content=\"summary_large_image\" \/>\n<meta name=\"twitter:label1\" content=\"Tiempo de lectura\" \/>\n\t<meta name=\"twitter:data1\" content=\"2 minutos\" \/>\n<script type=\"application\/ld+json\" class=\"yoast-schema-graph\">{\"@context\":\"https:\/\/schema.org\",\"@graph\":[{\"@type\":\"WebPage\",\"@id\":\"https:\/\/www.missoeshumanitarias.org\/es\/politicas-de-uso-legitimo-fair-use-de-contenidos\/\",\"url\":\"https:\/\/www.missoeshumanitarias.org\/es\/politicas-de-uso-legitimo-fair-use-de-contenidos\/\",\"name\":\"Pol\u00edticas de uso leg\u00edtimo (fair use) de contenidos - Fraternidade Miss\u00f5es Humanit\u00e1rias Internacionais\",\"isPartOf\":{\"@id\":\"https:\/\/www.missoeshumanitarias.org\/es\/#website\"},\"primaryImageOfPage\":{\"@id\":\"https:\/\/www.missoeshumanitarias.org\/es\/politicas-de-uso-legitimo-fair-use-de-contenidos\/#primaryimage\"},\"image\":{\"@id\":\"https:\/\/www.missoeshumanitarias.org\/es\/politicas-de-uso-legitimo-fair-use-de-contenidos\/#primaryimage\"},\"thumbnailUrl\":\"https:\/\/www.missoeshumanitarias.org\/wp-content\/uploads\/2021\/08\/logo-cc.png\",\"datePublished\":\"2021-08-20T15:17:38+00:00\",\"dateModified\":\"2021-08-20T15:17:38+00:00\",\"breadcrumb\":{\"@id\":\"https:\/\/www.missoeshumanitarias.org\/es\/politicas-de-uso-legitimo-fair-use-de-contenidos\/#breadcrumb\"},\"inLanguage\":\"es\",\"potentialAction\":[{\"@type\":\"ReadAction\",\"target\":[\"https:\/\/www.missoeshumanitarias.org\/es\/politicas-de-uso-legitimo-fair-use-de-contenidos\/\"]}]},{\"@type\":\"ImageObject\",\"inLanguage\":\"es\",\"@id\":\"https:\/\/www.missoeshumanitarias.org\/es\/politicas-de-uso-legitimo-fair-use-de-contenidos\/#primaryimage\",\"url\":\"https:\/\/www.missoeshumanitarias.org\/wp-content\/uploads\/2021\/08\/logo-cc.png\",\"contentUrl\":\"https:\/\/www.missoeshumanitarias.org\/wp-content\/uploads\/2021\/08\/logo-cc.png\"},{\"@type\":\"BreadcrumbList\",\"@id\":\"https:\/\/www.missoeshumanitarias.org\/es\/politicas-de-uso-legitimo-fair-use-de-contenidos\/#breadcrumb\",\"itemListElement\":[{\"@type\":\"ListItem\",\"position\":1,\"name\":\"Home\",\"item\":\"https:\/\/www.missoeshumanitarias.org\/en\/\"},{\"@type\":\"ListItem\",\"position\":2,\"name\":\"Pol\u00edticas de uso leg\u00edtimo (fair use) de contenidos\"}]},{\"@type\":\"WebSite\",\"@id\":\"https:\/\/www.missoeshumanitarias.org\/es\/#website\",\"url\":\"https:\/\/www.missoeshumanitarias.org\/es\/\",\"name\":\"Fraternidade Miss\u00f5es Humanit\u00e1rias Internacionais\",\"description\":\"Respostas Humanit\u00e1rias e Emerg\u00eancias\",\"publisher\":{\"@id\":\"https:\/\/www.missoeshumanitarias.org\/es\/#organization\"},\"potentialAction\":[{\"@type\":\"SearchAction\",\"target\":{\"@type\":\"EntryPoint\",\"urlTemplate\":\"https:\/\/www.missoeshumanitarias.org\/es\/?s={search_term_string}\"},\"query-input\":\"required name=search_term_string\"}],\"inLanguage\":\"es\"},{\"@type\":\"Organization\",\"@id\":\"https:\/\/www.missoeshumanitarias.org\/es\/#organization\",\"name\":\"Fraternidade - Miss\u00f5es Humanit\u00e1rias Internacionais\",\"url\":\"https:\/\/www.missoeshumanitarias.org\/es\/\",\"logo\":{\"@type\":\"ImageObject\",\"inLanguage\":\"es\",\"@id\":\"https:\/\/www.missoeshumanitarias.org\/es\/#\/schema\/logo\/image\/\",\"url\":\"https:\/\/www.missoeshumanitarias.org\/wp-content\/uploads\/2020\/05\/logo-FMHI-mg.png\",\"contentUrl\":\"https:\/\/www.missoeshumanitarias.org\/wp-content\/uploads\/2020\/05\/logo-FMHI-mg.png\",\"width\":520,\"height\":134,\"caption\":\"Fraternidade - Miss\u00f5es Humanit\u00e1rias Internacionais\"},\"image\":{\"@id\":\"https:\/\/www.missoeshumanitarias.org\/es\/#\/schema\/logo\/image\/\"}}]}<\/script>\n<!-- \/ Yoast SEO Premium plugin. -->","yoast_head_json":{"title":"Pol\u00edticas de uso leg\u00edtimo (fair use) de contenidos - Fraternidade Miss\u00f5es Humanit\u00e1rias Internacionais","robots":{"index":"index","follow":"follow","max-snippet":"max-snippet:-1","max-image-preview":"max-image-preview:large","max-video-preview":"max-video-preview:-1"},"canonical":"https:\/\/www.missoeshumanitarias.org\/es\/politicas-de-uso-legitimo-fair-use-de-contenidos\/","og_locale":"es_ES","og_type":"article","og_title":"Pol\u00edticas de uso leg\u00edtimo (fair use) de contenidos","og_description":"Todos los videos, im\u00e1genes, textos y cualquier otro material disponible en los medios electr\u00f3nicos o f\u00edsicos de la FRATERNIDAD \u2013 FEDERACI\u00d3N HUMANITARIA INTERNACIONAL (FFHI) y la FRATERNIDAD \u2013 MISIONES HUMANITARIAS INTERNACIONALES (FMHI) as\u00ed como sus respectivos canales en YouTube y otras Redes Sociales son de propiedad exclusivas de las mismas y cualquier uso est\u00e1n expresamente [&hellip;]","og_url":"https:\/\/www.missoeshumanitarias.org\/es\/politicas-de-uso-legitimo-fair-use-de-contenidos\/","og_site_name":"Fraternidade Miss\u00f5es Humanit\u00e1rias Internacionais","og_image":[{"url":"https:\/\/www.missoeshumanitarias.org\/wp-content\/uploads\/2021\/08\/logo-cc.png"}],"twitter_card":"summary_large_image","twitter_misc":{"Tiempo de lectura":"2 minutos"},"schema":{"@context":"https:\/\/schema.org","@graph":[{"@type":"WebPage","@id":"https:\/\/www.missoeshumanitarias.org\/es\/politicas-de-uso-legitimo-fair-use-de-contenidos\/","url":"https:\/\/www.missoeshumanitarias.org\/es\/politicas-de-uso-legitimo-fair-use-de-contenidos\/","name":"Pol\u00edticas de uso leg\u00edtimo (fair use) de contenidos - Fraternidade Miss\u00f5es Humanit\u00e1rias Internacionais","isPartOf":{"@id":"https:\/\/www.missoeshumanitarias.org\/es\/#website"},"primaryImageOfPage":{"@id":"https:\/\/www.missoeshumanitarias.org\/es\/politicas-de-uso-legitimo-fair-use-de-contenidos\/#primaryimage"},"image":{"@id":"https:\/\/www.missoeshumanitarias.org\/es\/politicas-de-uso-legitimo-fair-use-de-contenidos\/#primaryimage"},"thumbnailUrl":"https:\/\/www.missoeshumanitarias.org\/wp-content\/uploads\/2021\/08\/logo-cc.png","datePublished":"2021-08-20T15:17:38+00:00","dateModified":"2021-08-20T15:17:38+00:00","breadcrumb":{"@id":"https:\/\/www.missoeshumanitarias.org\/es\/politicas-de-uso-legitimo-fair-use-de-contenidos\/#breadcrumb"},"inLanguage":"es","potentialAction":[{"@type":"ReadAction","target":["https:\/\/www.missoeshumanitarias.org\/es\/politicas-de-uso-legitimo-fair-use-de-contenidos\/"]}]},{"@type":"ImageObject","inLanguage":"es","@id":"https:\/\/www.missoeshumanitarias.org\/es\/politicas-de-uso-legitimo-fair-use-de-contenidos\/#primaryimage","url":"https:\/\/www.missoeshumanitarias.org\/wp-content\/uploads\/2021\/08\/logo-cc.png","contentUrl":"https:\/\/www.missoeshumanitarias.org\/wp-content\/uploads\/2021\/08\/logo-cc.png"},{"@type":"BreadcrumbList","@id":"https:\/\/www.missoeshumanitarias.org\/es\/politicas-de-uso-legitimo-fair-use-de-contenidos\/#breadcrumb","itemListElement":[{"@type":"ListItem","position":1,"name":"Home","item":"https:\/\/www.missoeshumanitarias.org\/en\/"},{"@type":"ListItem","position":2,"name":"Pol\u00edticas de uso leg\u00edtimo (fair use) de contenidos"}]},{"@type":"WebSite","@id":"https:\/\/www.missoeshumanitarias.org\/es\/#website","url":"https:\/\/www.missoeshumanitarias.org\/es\/","name":"Fraternidade Miss\u00f5es Humanit\u00e1rias Internacionais","description":"Respostas Humanit\u00e1rias e Emerg\u00eancias","publisher":{"@id":"https:\/\/www.missoeshumanitarias.org\/es\/#organization"},"potentialAction":[{"@type":"SearchAction","target":{"@type":"EntryPoint","urlTemplate":"https:\/\/www.missoeshumanitarias.org\/es\/?s={search_term_string}"},"query-input":"required name=search_term_string"}],"inLanguage":"es"},{"@type":"Organization","@id":"https:\/\/www.missoeshumanitarias.org\/es\/#organization","name":"Fraternidade - Miss\u00f5es Humanit\u00e1rias Internacionais","url":"https:\/\/www.missoeshumanitarias.org\/es\/","logo":{"@type":"ImageObject","inLanguage":"es","@id":"https:\/\/www.missoeshumanitarias.org\/es\/#\/schema\/logo\/image\/","url":"https:\/\/www.missoeshumanitarias.org\/wp-content\/uploads\/2020\/05\/logo-FMHI-mg.png","contentUrl":"https:\/\/www.missoeshumanitarias.org\/wp-content\/uploads\/2020\/05\/logo-FMHI-mg.png","width":520,"height":134,"caption":"Fraternidade - Miss\u00f5es Humanit\u00e1rias Internacionais"},"image":{"@id":"https:\/\/www.missoeshumanitarias.org\/es\/#\/schema\/logo\/image\/"}}]}},"_links":{"self":[{"href":"https:\/\/www.missoeshumanitarias.org\/es\/wp-json\/wp\/v2\/pages\/119469","targetHints":{"allow":["GET"]}}],"collection":[{"href":"https:\/\/www.missoeshumanitarias.org\/es\/wp-json\/wp\/v2\/pages"}],"about":[{"href":"https:\/\/www.missoeshumanitarias.org\/es\/wp-json\/wp\/v2\/types\/page"}],"author":[{"embeddable":true,"href":"https:\/\/www.missoeshumanitarias.org\/es\/wp-json\/wp\/v2\/users\/1"}],"replies":[{"embeddable":true,"href":"https:\/\/www.missoeshumanitarias.org\/es\/wp-json\/wp\/v2\/comments?post=119469"}],"version-history":[{"count":0,"href":"https:\/\/www.missoeshumanitarias.org\/es\/wp-json\/wp\/v2\/pages\/119469\/revisions"}],"wp:attachment":[{"href":"https:\/\/www.missoeshumanitarias.org\/es\/wp-json\/wp\/v2\/media?parent=119469"}],"curies":[{"name":"wp","href":"https:\/\/api.w.org\/{rel}","templated":true}]}}